{"id":355,"date":"2023-05-05T12:17:03","date_gmt":"2023-05-05T10:17:03","guid":{"rendered":"https:\/\/www.yosariatrains.sk\/?page_id=355"},"modified":"2023-07-13T13:27:09","modified_gmt":"2023-07-13T11:27:09","slug":"certificates","status":"publish","type":"page","link":"https:\/\/www.yosariatrains.sk\/en\/certificates\/","title":{"rendered":"Certificates"},"content":{"rendered":"[vc_row type=&#8221;in_container&#8221; full_screen_row_position=&#8221;middle&#8221; column_margin=&#8221;default&#8221; equal_height=&#8221;yes&#8221; content_placement=&#8221;middle&#8221; column_direction=&#8221;default&#8221; column_direction_tablet=&#8221;default&#8221; column_direction_phone=&#8221;default&#8221; scene_position=&#8221;center&#8221; text_color=&#8221;dark&#8221; text_align=&#8221;left&#8221; row_border_radius=&#8221;none&#8221; row_border_radius_applies=&#8221;bg&#8221; overlay_strength=&#8221;0.3&#8243; gradient_direction=&#8221;left_to_right&#8221; shape_divider_position=&#8221;bottom&#8221; bg_image_animation=&#8221;none&#8221; shape_type=&#8221;&#8221;][vc_column column_padding=&#8221;no-extra-padding&#8221; column_padding_tablet=&#8221;inherit&#8221; column_padding_phone=&#8221;inherit&#8221; column_padding_position=&#8221;all&#8221; background_color_opacity=&#8221;1&#8243; background_hover_color_opacity=&#8221;1&#8243; column_shadow=&#8221;none&#8221; column_border_radius=&#8221;none&#8221; column_link_target=&#8221;_self&#8221; gradient_direction=&#8221;left_to_right&#8221; overlay_strength=&#8221;0.3&#8243; width=&#8221;2\/5&#8243; tablet_width_inherit=&#8221;default&#8221; tablet_text_alignment=&#8221;default&#8221; phone_text_alignment=&#8221;default&#8221; column_border_width=&#8221;none&#8221; column_border_style=&#8221;solid&#8221; bg_image_animation=&#8221;none&#8221;][divider line_type=&#8221;No Line&#8221; custom_height=&#8221;130&#8243;][vc_column_text]<strong>Policy of quality<br \/>\n<\/strong>[\/vc_column_text][nectar_btn size=&#8221;small&#8221; open_new_tab=&#8221;true&#8221; button_style=&#8221;regular&#8221; button_color_2=&#8221;Accent-Color&#8221; icon_family=&#8221;none&#8221; text=&#8221;SHOW&#8221; url=&#8221;https:\/\/www.yosariatrains.sk\/wp-content\/uploads\/2023\/05\/Politika-kvality-1.pdf&#8221;][divider line_type=&#8221;No Line&#8221;][vc_column_text]<strong>CERTIFICATE ECM (Entity in charge of maintenance)<\/strong>[\/vc_column_text][nectar_btn size=&#8221;small&#8221; open_new_tab=&#8221;true&#8221; button_style=&#8221;regular&#8221; button_color_2=&#8221;Accent-Color&#8221; icon_family=&#8221;none&#8221; text=&#8221;SHOW&#8221; url=&#8221;https:\/\/www.yosariatrains.sk\/wp-content\/uploads\/2023\/05\/ECM_YT_EN.pdf&#8221;][divider line_type=&#8221;No Line&#8221;][vc_column_text]<strong>CERTIFICATE ISO 9001:2016<\/strong>[\/vc_column_text][nectar_btn size=&#8221;small&#8221; open_new_tab=&#8221;true&#8221; button_style=&#8221;regular&#8221; button_color_2=&#8221;Accent-Color&#8221; icon_family=&#8221;none&#8221; text=&#8221;SHOW&#8221; url=&#8221;https:\/\/www.yosariatrains.sk\/wp-content\/uploads\/2023\/07\/FQ01923_aj_podpisany.pdf&#8221;][\/vc_column][\/vc_row]\n","protected":false},"excerpt":{"rendered":"<p>[vc_row type=&#8221;in_container&#8221; full_screen_row_position=&#8221;middle&#8221; column_margin=&#8221;default&#8221; equal_height=&#8221;yes&#8221; content_placement=&#8221;middle&#8221; column_direction=&#8221;default&#8221; column_direction_tablet=&#8221;default&#8221; column_direction_phone=&#8221;default&#8221; scene_position=&#8221;center&#8221; text_color=&#8221;dark&#8221; text_align=&#8221;left&#8221; row_border_radius=&#8221;none&#8221; row_border_radius_applies=&#8221;bg&#8221; overlay_strength=&#8221;0.3&#8243; gradient_direction=&#8221;left_to_right&#8221; shape_divider_position=&#8221;bottom&#8221; bg_image_animation=&#8221;none&#8221; shape_type=&#8221;&#8221;][vc_column column_padding=&#8221;no-extra-padding&#8221; column_padding_tablet=&#8221;inherit&#8221; column_padding_phone=&#8221;inherit&#8221; column_padding_position=&#8221;all&#8221; background_color_opacity=&#8221;1&#8243; background_hover_color_opacity=&#8221;1&#8243; column_shadow=&#8221;none&#8221; column_border_radius=&#8221;none&#8221; column_link_target=&#8221;_self&#8221; gradient_direction=&#8221;left_to_right&#8221; overlay_strength=&#8221;0.3&#8243;&#8230;<\/p>\n","protected":false},"author":4,"featured_media":0,"parent":0,"menu_order":0,"comment_status":"closed","ping_status":"closed","template":"","meta":[],"yoast_head":"<!-- This site is optimized with the Yoast SEO plugin v15.2.1 - https:\/\/yoast.com\/wordpress\/plugins\/seo\/ -->\n<title>YOSARIA TRAINS - priv\u00e1tna osobn\u00e1 \u017eelezni\u010dn\u00e1 spolo\u010dnos\u0165 |Yosaria Trains<\/title>\n<meta name=\"description\" content=\"Prv\u00e1 slovensk\u00e1 priv\u00e1tna osobn\u00e1 \u017eelezni\u010dn\u00e1 spolo\u010dnos\u0165 na Slovensku a v \u010cech\u00e1ch.\" \/>\n<meta name=\"robots\" content=\"index, follow, max-snippet:-1, max-image-preview:large, max-video-preview:-1\" \/>\n<link rel=\"canonical\" href=\"https:\/\/www.yosariatrains.sk\/en\/certificates\/\" \/>\n<meta property=\"og:locale\" content=\"en_US\" \/>\n<meta property=\"og:type\" content=\"article\" \/>\n<meta property=\"og:title\" content=\"YOSARIA TRAINS - priv\u00e1tna osobn\u00e1 \u017eelezni\u010dn\u00e1 spolo\u010dnos\u0165 |Yosaria Trains\" \/>\n<meta property=\"og:description\" content=\"Prv\u00e1 slovensk\u00e1 priv\u00e1tna osobn\u00e1 \u017eelezni\u010dn\u00e1 spolo\u010dnos\u0165 na Slovensku a v \u010cech\u00e1ch.\" \/>\n<meta property=\"og:url\" content=\"https:\/\/www.yosariatrains.sk\/en\/certificates\/\" \/>\n<meta property=\"og:site_name\" content=\"Yosaria Trains\" \/>\n<meta property=\"article:modified_time\" content=\"2023-07-13T11:27:09+00:00\" \/>\n<meta property=\"og:image\" content=\"https:\/\/www.yosariatrains.sk\/wp-content\/uploads\/2022\/03\/YT-shareimage.png\" \/>\n\t<meta property=\"og:image:width\" content=\"1200\" \/>\n\t<meta property=\"og:image:height\" content=\"630\" \/>\n<meta name=\"twitter:card\" content=\"summary_large_image\" \/>\n<meta name=\"twitter:label1\" content=\"Written by\">\n\t<meta name=\"twitter:data1\" content=\"marian jasenak\">\n\t<meta name=\"twitter:label2\" content=\"Est. reading time\">\n\t<meta name=\"twitter:data2\" content=\"1 minute\">\n<script type=\"application\/ld+json\" class=\"yoast-schema-graph\">{\"@context\":\"https:\/\/schema.org\",\"@graph\":[{\"@type\":\"WebSite\",\"@id\":\"https:\/\/www.yosariatrains.sk\/#website\",\"url\":\"https:\/\/www.yosariatrains.sk\/\",\"name\":\"Yosaria Trains\",\"description\":\"\",\"potentialAction\":[{\"@type\":\"SearchAction\",\"target\":\"https:\/\/www.yosariatrains.sk\/?s={search_term_string}\",\"query-input\":\"required name=search_term_string\"}],\"inLanguage\":\"en-US\"},{\"@type\":\"WebPage\",\"@id\":\"https:\/\/www.yosariatrains.sk\/en\/certificates\/#webpage\",\"url\":\"https:\/\/www.yosariatrains.sk\/en\/certificates\/\",\"name\":\"YOSARIA TRAINS - priv\\u00e1tna osobn\\u00e1 \\u017eelezni\\u010dn\\u00e1 spolo\\u010dnos\\u0165 |Yosaria Trains\",\"isPartOf\":{\"@id\":\"https:\/\/www.yosariatrains.sk\/#website\"},\"datePublished\":\"2023-05-05T10:17:03+00:00\",\"dateModified\":\"2023-07-13T11:27:09+00:00\",\"description\":\"Prv\\u00e1 slovensk\\u00e1 priv\\u00e1tna osobn\\u00e1 \\u017eelezni\\u010dn\\u00e1 spolo\\u010dnos\\u0165 na Slovensku a v \\u010cech\\u00e1ch.\",\"inLanguage\":\"en-US\",\"potentialAction\":[{\"@type\":\"ReadAction\",\"target\":[\"https:\/\/www.yosariatrains.sk\/en\/certificates\/\"]}]}]}<\/script>\n<!-- \/ Yoast SEO plugin. -->","_links":{"self":[{"href":"https:\/\/www.yosariatrains.sk\/en\/wp-json\/wp\/v2\/pages\/355\/"}],"collection":[{"href":"https:\/\/www.yosariatrains.sk\/en\/wp-json\/wp\/v2\/pages\/"}],"about":[{"href":"https:\/\/www.yosariatrains.sk\/en\/wp-json\/wp\/v2\/types\/page\/"}],"author":[{"embeddable":true,"href":"https:\/\/www.yosariatrains.sk\/en\/wp-json\/wp\/v2\/users\/4\/"}],"replies":[{"embeddable":true,"href":"https:\/\/www.yosariatrains.sk\/en\/wp-json\/wp\/v2\/comments\/?post=355"}],"version-history":[{"count":5,"href":"https:\/\/www.yosariatrains.sk\/en\/wp-json\/wp\/v2\/pages\/355\/revisions\/"}],"predecessor-version":[{"id":399,"href":"https:\/\/www.yosariatrains.sk\/en\/wp-json\/wp\/v2\/pages\/355\/revisions\/399\/"}],"wp:attachment":[{"href":"https:\/\/www.yosariatrains.sk\/en\/wp-json\/wp\/v2\/media\/?parent=355"}],"curies":[{"name":"wp","href":"https:\/\/api.w.org\/{rel}","templated":true}]}}